{"id":696,"date":"2009-11-18T12:49:25","date_gmt":"2009-11-18T11:49:25","guid":{"rendered":"http:\/\/www.odinic-rite.org\/AcornHollow\/?page_id=696"},"modified":"2019-03-12T22:47:54","modified_gmt":"2019-03-12T22:47:54","slug":"yule-feature","status":"publish","type":"page","link":"https:\/\/odinic-rite.org\/main\/yule-feature\/","title":{"rendered":"Yule Feature"},"content":{"rendered":"\n<style type=\"text\/css\" data-created_by=\"avia_inline_auto\" id=\"style-css-av-jsuiobej-c7d6e8e4a785458aed14d4c620855178\">\n.avia-section.av-jsuiobej-c7d6e8e4a785458aed14d4c620855178 .av-parallax .av-parallax-inner{\nbackground-repeat:no-repeat;\nbackground-image:url(https:\/\/odinic-rite.org\/main\/wp-content\/uploads\/yule.jpg);\nbackground-position:50% 50%;\nbackground-attachment:scroll;\n}\n<\/style>\n<div id='av_section_1'  class='avia-section av-jsuiobej-c7d6e8e4a785458aed14d4c620855178 main_color avia-section-no-padding avia-no-border-styling  avia-builder-el-0  el_before_av_two_third  avia-builder-el-first  avia-full-stretch av-parallax-section avia-bg-style-parallax av-minimum-height av-minimum-height-75 av-height-75  container_wrap sidebar_right'  data-section-bg-repeat='stretch' data-av_minimum_height_pc='75' data-av_min_height_opt='75'><div class='av-parallax' data-avia-parallax-ratio='0.3' ><div class='av-parallax-inner main_color avia-full-stretch'><\/div><\/div><div class='container av-section-cont-open' ><main  role=\"main\" itemprop=\"mainContentOfPage\"  class='template-page content  av-content-small alpha units'><div class='post-entry post-entry-type-page post-entry-696'><div class='entry-content-wrapper clearfix'>\n\n<style type=\"text\/css\" data-created_by=\"avia_inline_auto\" id=\"style-css-av-jswf3qjy-11611f711fcbfc73b4005196e410a309\">\n#top .av-special-heading.av-jswf3qjy-11611f711fcbfc73b4005196e410a309{\npadding-bottom:10px;\ncolor:#a00303;\nfont-size:101px;\n}\nbody .av-special-heading.av-jswf3qjy-11611f711fcbfc73b4005196e410a309 .av-special-heading-tag .heading-char{\nfont-size:25px;\n}\n#top #wrap_all .av-special-heading.av-jswf3qjy-11611f711fcbfc73b4005196e410a309 .av-special-heading-tag{\nfont-size:101px;\n}\n.av-special-heading.av-jswf3qjy-11611f711fcbfc73b4005196e410a309 .special-heading-inner-border{\nborder-color:#a00303;\n}\n.av-special-heading.av-jswf3qjy-11611f711fcbfc73b4005196e410a309 .av-subheading{\nfont-size:40px;\n}\n\n@media only screen and (min-width: 480px) and (max-width: 767px){ \n#top #wrap_all .av-special-heading.av-jswf3qjy-11611f711fcbfc73b4005196e410a309 .av-special-heading-tag{\nfont-size:0.8em;\n}\n}\n\n@media only screen and (max-width: 479px){ \n#top #wrap_all .av-special-heading.av-jswf3qjy-11611f711fcbfc73b4005196e410a309 .av-special-heading-tag{\nfont-size:0.8em;\n}\n}\n<\/style>\n<div  class='av-special-heading av-jswf3qjy-11611f711fcbfc73b4005196e410a309 av-special-heading-h6 custom-color-heading blockquote modern-quote modern-centered  avia-builder-el-1  avia-builder-el-no-sibling  av-inherit-size'><h6 class='av-special-heading-tag'  itemprop=\"headline\"  >Yule Feature<\/h6><div class='av_custom_color av-subheading av-subheading_below'><p>From OR Acorn Hollow<\/p>\n<\/div><div class=\"special-heading-border\"><div class=\"special-heading-inner-border\"><\/div><\/div><\/div>\n<\/div><\/div><\/main><!-- close content main element --><\/div><\/div><div id='after_section_1'  class='main_color av_default_container_wrap container_wrap sidebar_right'  ><div class='container av-section-cont-open' ><div class='template-page content  av-content-small alpha units'><div class='post-entry post-entry-type-page post-entry-696'><div class='entry-content-wrapper clearfix'>\n\n<style type=\"text\/css\" data-created_by=\"avia_inline_auto\" id=\"style-css-av-gq93c-bd205c1600592b50d0893ecc7a8fb02d\">\n.flex_column.av-gq93c-bd205c1600592b50d0893ecc7a8fb02d{\nborder-radius:0px 0px 0px 0px;\npadding:0px 0px 0px 0px;\n}\n<\/style>\n<div  class='flex_column av-gq93c-bd205c1600592b50d0893ecc7a8fb02d av_two_third  avia-builder-el-2  el_after_av_section  el_before_av_one_third  avia-builder-el-first  first flex_column_div av-zero-column-padding  '     ><section  class='av_textblock_section av-6q7o8-3a5028ab6982f08228aafb6cf21b0862 '   itemscope=\"itemscope\" itemtype=\"https:\/\/schema.org\/CreativeWork\" ><div class='avia_textblock'  itemprop=\"text\" ><p>Yule, an ancient tradition, a time when families gather to exchange gifts, and enjoy the time they have together, a time when the days are short and in some places our Folk reside the sun never, or rarely, shows herself. What are the origins of Yule, the traditions, spiritual foundations, continuations, and finally, modern celebrations by those who still hold true to the ways of Our Ancestors? In the following these questions will be answered, so the reader can understand this beautiful expression of the hospitality and giving nature of Our Folk past and present.<\/p>\n<h2>Origins of Yule<\/h2>\n<p>Although the ancient origins of Yule are lost in the annals of time, we, as a Folk, can determine from the lore several constants. Yule was at the end of the year and heralded in the rebirth of the Sun. Held on the Winter solstice (around the modern Dec. 21st), Yule, which literally means wheel, was the ending of the cycle of the year. There is no specific reference in texts of 12 days, but there is reference to a several day celebration extending beyond, at least 7 days. The first night is dedicated to Mothers, called The Mother night Blot. The last night is called the \u201cTwelfth Night\u201d where oaths are sworn for the coming year. The ancients first believed the year to be split into halves: light half and dark half. Later the year progressed into thirds and finally fourths. The year was also viewed as a ring that passed in cycles. (Grimm) There is some confusion regarding the actual date. Some believe that Yule was in what is now January from either the 7th to the 19th, or the 13th to the 25th. Regardless of the ancient origins, Yule (or a very close variation) has been, and still is, the most celebrated holiday across European\/Western Civilization.<\/p>\n<h2>Spiritual Foundations<\/h2>\n<p>To understand the spiritual foundations of this Folk Celebration, one must understand our Northern Folk. Our Folk lived in a harsh environment that saw anywhere from 15 to 20 hours of darkness during the winter months. They had no outside distractions being confined to only their longhouses or close surrounding land. This was the time to develop their minds through meditation and mind challenging games. Through mediation they became synchronized with the Gods and Goddesses within them and their kin. During this time O\u00f0in wanders Midgar\u00f0 visiting His faithful Folk. Being the God of wisdom through meditation, it makes sense that our Folk would meditate and challenge their minds during these dark and cold months. Baldur the shining God is said to be born on the Solstice to Frigga and O\u00f0in. This birth of light also coincides with the rebirth of the sun. Up until Mother\u2019s night, the sun was waning. From Yule till Summer Finding the sun waxes, after which Baldur diminishes into Hel to only be reborn again on Yule in the great cycle of the year. Here lie many intriguing myths that hold the spiritual truths of our Folk.<\/p>\n<p>As related in myth, O\u00f0in goes wandering during the winter months. Beginning with Winterfinding and possibly ending on Walpurgisnact, O\u00f0in leaves Asgard, to Ullr the hunter, to wander Midgard. During this time O\u00f0in visits the homes of His Folk. Leaving a gift for the gifts left for Him by the household. It is said that there was a great war (referred to in the Edda as the First War between the Aesir and Vanir) and O\u00f0in was dethroned. Ullr is said to take the throne and rule Asgard till O\u00f0in\u2019s return. Ullr is considered the Winter King. Although not definitively known, Ullr could be another face of the All-father. Traditionally children would leave out hay and sugar for Sleipnir (O\u00f0in\u2019s eight-legged steed), in return O\u00f0in would leave a gift for the children.<\/p>\n<p>This is also the time that the Folk would celebrate the return of the sun. They would go into the woods and bring back a large tree to burn all night. This fire was tendered all night\u2014the longest night of the year\u2014to welcome back the sun from her slumber. The remnants for the log were carefully gathered and put aside to kindle the flame of the next Yule. This was a tradition that was continued unbroken. It was believed that if the fire did not burn all night that the sun would be weak or non-existent the light half of the year. The sun Goddess Sunna would not bless the land with her life-giving rays. It could also symbolize the flame of the Folk, and its importance to continue the ageless traditions of the Folk. The perseverance to stay with the flame and never letting it go out all night showed the dedication to the good of the Folk.<\/p>\n<p>The Yule tree, representative of the Great World Ash (Yggdrasil) would be decorated and honored. The tree chosen was left alive outside to honor the endurance of life in the coldest, darkest of nights. As to is the symbol of the wreath made with fresh sprigs from the evergreen, is a enduring symbol of life.<\/p>\n<h2>Continuation of Traditions<\/h2>\n<p>Since Christians couldn\u2019t get rid of this holy celebration, they decided to absorb it. Instead of O\u00f0in visiting, it was a Saint who rewarded faithful followers of the Christian God. Since celebration of heathen traditions were punishable by torture and death, the Folk kept the Folk way alive in their homes by bringing a fresh cut tree to decorate. Instead of Baldur\u2019s birth or the birth of a God (as in Mithra), Christ was born on Christmas. Although frustrating with all the bastardizations, these absorptions have ensured the continuance of the traditions of our ancient Folk till now. The folkway never died, it was only taken on a 1500-year + detour to be saved for future generations to re-ignite. Much like Ragnrok and the ensuing fimbulwinter, our Folkways are shrouded in a thin veneer of alien doctrines. The Folkway is just now coming out of the cold alienation to the warm home of the True Folkway.<\/p>\n<h2>Old ways, New times<\/h2>\n<p>Such is the variety of our Northern folk, so to is the variety of celebrations for the return of the Sun. The way one celebrates is completely individual, and individuality is a trait of our Folk, so the following modern celebrations are only a sketch of the myriad of way to honor the High Ones and Sunna\u2019s return. This is a good time to meditate on the years activities. It is also a good time to call on the powers of the Gods and Goddesses as well as the ancestors. This is a time when the veil between the worlds is thin and the ancestors can more readily share their wisdom.<\/p>\n<h2>The Yule Tree\/Log<\/h2>\n<p>Many chose their Yule tree on Mother\u2019s Night (Yule eve) and decorate that day. Although it is still a strong tradition to bring the tree in from the cold to the warmth of the Family Hearth, others still decorate a tree outside their homes. It is hoped that this small step will herald in the reawakening of our Folk and victory over the desert God. The Tree is topped with a shining symbol, either a representation of the Polar star (Tyr\u2019s Nail) or of the Irminsul (the World axis, appropriate for Yggdrassil). Also, the tree is decorated with red and white symbols in either lights, red berries, or tinsel as is the Yule wreath. On New Year\u2019s Eve, the gathered Folk swear oath\u2019s on the Yule log for the coming year. This tree or log is burned on New Year\u2019s eve and is lit with the previous year\u2019s Yule log. Remnants from the Yule tree\/log are kept for the next year. This tradition can be mirrored with a piece of the trunk of the Yule tree to represent the Yule log and placing three candles: red, white, and green, atop it, thus re-igniting our Folkway.<\/p>\n<h2>The Wanderer\u2019s Visit<\/h2>\n<p>To honor the Wanderer, O\u00f0in, the children (and parents) leave out their stockings accompanied with milk and cookies, or whatever gift they wish for O\u00f0in and Sleipnir, to refresh the wanderers on their long journey. O\u00f0in in turn leaves gifts in the stockings. This is celebrated each of the 12 days, representative of the 12 months of the year. Often a candle is also left out each evening to light O\u00f0in\u2019s way to the home.<\/p>\n<h2>The Sun Reborn<\/h2>\n<p>To honor the sun reborn, a Blot is performed to usher in the victory of the Sun. It was believed that the Winter and Summer battled and at each respective Solstice one or the other won. The Winter prevailed in Summer and vice versa. (Grimm) To ensure victory of the Summer, Heathen Folk now kindle a fire to be tended all night until sunrise. This not only symbolizes the return of the sun, but also, it is a testament to our Folk and their ancient ways. Candles can be in place of a fire. It is what that flame symbolizes, that is important.<\/p>\n<h2>Feasting<\/h2>\n<p>This has never died out among our Folk. The Yule Feast, often some form of pork, is celebration of kinship and comradeship. This is the time when kith and kin gather to partake in the warmth of family and friends. There is a great celebration with several Folkways continued. The ritual meal is often pork and late harvested crops such as squash. The Boar, sacred to Frey, sacrifice and eaten to partake in the fertility of Frey and His ability to grant fine crops. Some Folk also swear oaths on a representation of a boar. During the feast a sumble is performed in which the gathered Folk boast, oath, and even sing\/read poetry. It is also a time to play mind challenging games such as chess, charades, etc\u2026 with the gathered Folk.<\/p>\n<p>Yule is the victory of the light over darkness, the turning of another year, and to enjoy the warmth of kith and kin. The enduring Will of our Folk and the High Ones has kept these ancient traditions alive. This Yule when one is opening gifts from family and friends, raising a glass toasting the greatness of our comrades, eating the Yule feast, pondering the waning year and making plans for the next, singing carols, and decorating the home and tree know that it is these simple acts that keep the Flame of our Folk alive for future generations.<\/p>\n<h2>Hail Baldur! Hail the Return of the Sun!<\/h2>\n<p>FFF<br \/>\nHyndla OR<\/p>\n<p>References:<\/p>\n<p>Teutonic Mythology, Grimm.<br \/>\nMother Night Blot, Odinic Rite: Book of Blotar<br \/>\nPoetic Edda, Larrington Translation<\/p>\n<\/div><\/section><\/div>\n\n<style type=\"text\/css\" data-created_by=\"avia_inline_auto\" id=\"style-css-av-9pw7s-a5ba0574d05128d47f663ea5c7b33b9e\">\n.flex_column.av-9pw7s-a5ba0574d05128d47f663ea5c7b33b9e{\nborder-radius:0px 0px 0px 0px;\npadding:0px 0px 0px 0px;\n}\n<\/style>\n<div  class='flex_column av-9pw7s-a5ba0574d05128d47f663ea5c7b33b9e av_one_third  avia-builder-el-4  el_after_av_two_third  el_before_av_section  avia-builder-el-last  flex_column_div av-zero-column-padding  '     ><p>\n<style type=\"text\/css\" data-created_by=\"avia_inline_auto\" id=\"style-css-av-jsuivp2p-9679a8ca53162405fd499b070d0d286c\">\n.avia-image-container.av-jsuivp2p-9679a8ca53162405fd499b070d0d286c img.avia_image{\nbox-shadow:none;\n}\n.avia-image-container.av-jsuivp2p-9679a8ca53162405fd499b070d0d286c .av-image-caption-overlay-center{\ncolor:#ffffff;\n}\n<\/style>\n<div  class='avia-image-container av-jsuivp2p-9679a8ca53162405fd499b070d0d286c av-styling- avia-align-center  avia-builder-el-5  el_before_av_textblock  avia-builder-el-first '   itemprop=\"image\" itemscope=\"itemscope\" itemtype=\"https:\/\/schema.org\/ImageObject\" ><div class=\"avia-image-container-inner\"><div class=\"avia-image-overlay-wrap\"><img fetchpriority=\"high\" class='wp-image-1500 avia-img-lazy-loading-not-1500 avia_image ' src='https:\/\/odinic-rite.org\/main\/wp-content\/uploads\/yulewreath.jpg' alt='' title='yulewreath'  height=\"256\" width=\"269\"  itemprop=\"thumbnailUrl\"  \/><\/div><\/div><\/div><br \/>\n<section  class='av_textblock_section av-jsuityn0-578b64b36f8c8a62975a8b7447a4a7b7 '   itemscope=\"itemscope\" itemtype=\"https:\/\/schema.org\/CreativeWork\" ><div class='avia_textblock'  itemprop=\"text\" ><h2 style=\"text-align: center;\">Yule Pages<\/h2>\n<h2>General<\/h2>\n<h2><\/h2>\n<ul class=\"block\">\n<li><a href=\"http:\/\/odinic-rite.org\/test\/the-story-of-mistletoe\/\" target=\"_self\" rel=\"noopener noreferrer\">The Story of Mistletoe<\/a><\/li>\n<li><a href=\"http:\/\/odinic-rite.org\/test\/donars-hearth-or-yule-booklets\/\" target=\"_self\" rel=\"noopener noreferrer\">New AH PNW Yule B<\/a><a href=\"http:\/\/odinic-rite.org\/test\/donars-hearth-or-yule-booklets\/\" target=\"_self\" rel=\"noopener noreferrer\">ooklets<\/a><\/li>\n<li><a href=\"http:\/\/odinic-rite.org\/test\/wp-content\/uploads\/Yule-Coloring.pdf\" target=\"_self\" rel=\"noopener noreferrer\">Yule Coloring Pages<\/a><\/li>\n<li><a href=\"http:\/\/odinic-rite.org\/test\/wp-content\/uploads\/Yule-Packet-1.pdf\" target=\"_self\" rel=\"noopener noreferrer\">Yule Activity Packet<\/a><\/li>\n<li><a href=\"http:\/\/odinic-rite.org\/test\/yuletide-dough-ornaments\/\" target=\"_self\" rel=\"noopener noreferrer\">Yuletide Dough Ornaments<\/a><\/li>\n<li><a href=\"http:\/\/odinic-rite.org\/test\/wrapping-paper-the-sparkling-deceiver\/\" target=\"_self\" rel=\"noopener noreferrer\">Wrapping paper:The Sparkling Deceiver<\/a><\/li>\n<li><a href=\"http:\/\/odinic-rite.org\/test\/a-different-kind-of-wrapping\/\" target=\"_self\" rel=\"noopener noreferrer\">A Different Kind of Wrapping Paper!<\/a><\/li>\n<li><a href=\"http:\/\/odinic-rite.org\/test\/snowflakes\/\" target=\"_self\" rel=\"noopener noreferrer\">Hanging Snowflakes<\/a><\/li>\n<li><a href=\"http:\/\/odinic-rite.org\/test\/glitter-ornaments\/\" target=\"_self\" rel=\"noopener noreferrer\">Glitter Ornaments<\/a><\/li>\n<li><a href=\"http:\/\/odinic-rite.org\/test\/members-creations\/\" target=\"_self\" rel=\"noopener noreferrer\">Members&#8217; Creations<\/a><\/li>\n<li><a href=\"http:\/\/odinic-rite.org\/test\/the-reason-for-the-season\/\">The Reason for the Season<\/a><\/li>\n<li><a href=\"http:\/\/odinic-rite.org\/test\/a-poem-for-yuletide\/\">A Poem for Yuletide<\/a><\/li>\n<li><a title=\"Permanent Link to Yule: History, Figures and Regional Traditions\" href=\"http:\/\/odinic-rite.org\/test\/yule-history-figures-and-regional-traditions\/\" rel=\"bookmark\">Yule: History, Figures and Regional Traditions<\/a><\/li>\n<\/ul>\n<h2>Iceland<\/h2>\n<ul class=\"block\">\n<li><a href=\"http:\/\/odinic-rite.org\/test\/the-legend-of-the-yule-cat\/\" target=\"_self\" rel=\"noopener noreferrer\">The Legend of the Yule Cat<\/a><\/li>\n<li><a href=\"http:\/\/odinic-rite.org\/test\/ponnukokur-icelandic-pancakes\/\">P\u00f6nnuk\u00f6kur (Icelandic Pancakes)<\/a><\/li>\n<\/ul>\n<h2>Belgium<\/h2>\n<ul class=\"block\">\n<li><a href=\"http:\/\/odinic-rite.org\/test\/speculoos\/\" target=\"_self\" rel=\"noopener noreferrer\">Speculoos<\/a><\/li>\n<\/ul>\n<div>\n<h2>Denmark<\/h2>\n<ul class=\"block\">\n<li><a href=\"http:\/\/odinic-rite.org\/test\/danish-yule-heart-julhjarta\/\" target=\"_self\" rel=\"noopener noreferrer\">Danish Yule Heart<\/a><\/li>\n<\/ul>\n<\/div>\n<h2>Scandinavia<\/h2>\n<ul class=\"block\">\n<li><a href=\"http:\/\/odinic-rite.org\/test\/how-to-make-a-julbock\/\">Make a Julbock<\/a><\/li>\n<li><a href=\"http:\/\/odinic-rite.org\/test\/wp-content\/uploads\/Julbock.pdf\" target=\"_self\" rel=\"noopener noreferrer\">Julbock Coloring Sheet (pdf)<\/a><\/li>\n<li><a href=\"http:\/\/odinic-rite.org\/test\/scandinavian-stars\/\" target=\"_self\" rel=\"noopener noreferrer\">Scandinavian Stars<\/a><\/li>\n<\/ul>\n<h2>France<\/h2>\n<ul class=\"block\">\n<li><a href=\"http:\/\/odinic-rite.org\/test\/french-yule-log-cake\/\">Yule Log Cake<\/a><\/li>\n<li><a href=\"http:\/\/odinic-rite.org\/test\/twelfth-night-cake\/\">Twelfth Night Cake<\/a><\/li>\n<\/ul>\n<h2>Germany<\/h2>\n<ul class=\"block\">\n<li><a href=\"http:\/\/odinic-rite.org\/test\/legend-of-the-acorn\/\">Legend of the Acorn<\/a><\/li>\n<li><a href=\"http:\/\/odinic-rite.org\/test\/legend-of-the-bird-nest\/\">Legend of the Bird Nest<\/a><\/li>\n<li><a href=\"http:\/\/odinic-rite.org\/test\/legend-of-the-silver-pinecones\/\">Legend of Silver Pinecones<\/a><\/li>\n<\/ul>\n<h2>Switzerland<\/h2>\n<ul class=\"block\">\n<li><a href=\"http:\/\/odinic-rite.org\/test\/yule-switzerland-toblerone-chocolate-fondue\/\">Toblerone Chocolate Fondue<\/a><\/li>\n<li><a href=\"http:\/\/odinic-rite.org\/test\/swiss-yule-recipes\/\">Swiss Yule Recipes<\/a><\/li>\n<\/ul>\n<h2>Canada (French)<\/h2>\n<ul class=\"block\">\n<li><a href=\"http:\/\/odinic-rite.org\/test\/yule-canada-sucre-a-la-creme-fudge\/\">Sucre \u00e0 la Cr\u00e8me (Fudge)<\/a><\/li>\n<li><a href=\"http:\/\/odinic-rite.org\/test\/yule-french-canada-playing-the-spoons\/\"> Playing the Spoons<\/a><\/li>\n<\/ul>\n<p>Do you have any Yule related articles, information or activities? Please share them with us.<\/p>\n<\/div><\/section><br \/>\n\n<style type=\"text\/css\" data-created_by=\"avia_inline_auto\" id=\"style-css-av-jsuixg7c-f20589404d69e00d4fa1535a36ec6272\">\n.avia-image-container.av-jsuixg7c-f20589404d69e00d4fa1535a36ec6272 img.avia_image{\nbox-shadow:none;\n}\n.avia-image-container.av-jsuixg7c-f20589404d69e00d4fa1535a36ec6272 .av-image-caption-overlay-center{\ncolor:#ffffff;\n}\n<\/style>\n<div  class='avia-image-container av-jsuixg7c-f20589404d69e00d4fa1535a36ec6272 av-styling- avia-align-center  avia-builder-el-7  el_after_av_textblock  avia-builder-el-last '   itemprop=\"image\" itemscope=\"itemscope\" itemtype=\"https:\/\/schema.org\/ImageObject\" ><div class=\"avia-image-container-inner\"><div class=\"avia-image-overlay-wrap\"><img fetchpriority=\"high\" class='wp-image-1191 avia-img-lazy-loading-not-1191 avia_image ' src='https:\/\/odinic-rite.org\/main\/wp-content\/uploads\/AHLogowreathsm2-300x288.gif' alt='' title='AHLogowreathsm2'  height=\"288\" width=\"300\"  itemprop=\"thumbnailUrl\"  \/><\/div><\/div><\/div><\/p><\/div><\/div><\/div><\/div><!-- close content main div --><\/div><\/div>\n<style type=\"text\/css\" data-created_by=\"avia_inline_auto\" id=\"style-css-av-jsuxwfpy-7b5a8643d33ee8d39a3c4a994ada4aee\">\n.avia-section.av-jsuxwfpy-7b5a8643d33ee8d39a3c4a994ada4aee .av-section-color-overlay{\nopacity:0.5;\nbackground-color:#ffffff;\n}\n<\/style>\n<div id='av_section_2'  class='avia-section av-jsuxwfpy-7b5a8643d33ee8d39a3c4a994ada4aee main_color avia-section-no-padding avia-no-border-styling  avia-builder-el-8  el_after_av_one_third  avia-builder-el-last  avia-bg-style-parallax av-section-color-overlay-active av-minimum-height av-minimum-height-50 av-height-50  container_wrap sidebar_right'   data-av_minimum_height_pc='50' data-av_min_height_opt='50'><div class=\"av-section-color-overlay-wrap\"><div class=\"av-section-color-overlay\"><\/div><div class='container av-section-cont-open' ><div class='template-page content  av-content-small alpha units'><div class='post-entry post-entry-type-page post-entry-696'><div class='entry-content-wrapper clearfix'><\/div><\/div><\/div><!-- close content main div --><\/div><\/div><\/div><div id='after_section_2'  class='main_color av_default_container_wrap container_wrap sidebar_right'  ><div class='container av-section-cont-open' ><div class='template-page content  av-content-small alpha units'><div class='post-entry post-entry-type-page post-entry-696'><div class='entry-content-wrapper clearfix'><\/p>\n","protected":false},"excerpt":{"rendered":"","protected":false},"author":1,"featured_media":0,"parent":0,"menu_order":0,"comment_status":"open","ping_status":"closed","template":"","meta":{"footnotes":""},"class_list":["post-696","page","type-page","status-publish","hentry"],"_links":{"self":[{"href":"https:\/\/odinic-rite.org\/main\/wp-json\/wp\/v2\/pages\/696","targetHints":{"allow":["GET"]}}],"collection":[{"href":"https:\/\/odinic-rite.org\/main\/wp-json\/wp\/v2\/pages"}],"about":[{"href":"https:\/\/odinic-rite.org\/main\/wp-json\/wp\/v2\/types\/page"}],"author":[{"embeddable":true,"href":"https:\/\/odinic-rite.org\/main\/wp-json\/wp\/v2\/users\/1"}],"replies":[{"embeddable":true,"href":"https:\/\/odinic-rite.org\/main\/wp-json\/wp\/v2\/comments?post=696"}],"version-history":[{"count":0,"href":"https:\/\/odinic-rite.org\/main\/wp-json\/wp\/v2\/pages\/696\/revisions"}],"wp:attachment":[{"href":"https:\/\/odinic-rite.org\/main\/wp-json\/wp\/v2\/media?parent=696"}],"curies":[{"name":"wp","href":"https:\/\/api.w.org\/{rel}","templated":true}]}}